{"id":23,"date":"2022-05-10T18:20:08","date_gmt":"2022-05-10T18:20:08","guid":{"rendered":"https:\/\/exanetonline.com\/e\/?page_id=23"},"modified":"2025-10-30T21:22:05","modified_gmt":"2025-10-30T21:22:05","slug":"sala-de-prensa","status":"publish","type":"page","link":"https:\/\/exanetonline.com\/e\/sala-de-prensa\/","title":{"rendered":"Prensa"},"content":{"rendered":"\t\t<div data-elementor-type=\"wp-page\" data-elementor-id=\"23\" class=\"elementor elementor-23\">\n\t\t\t\t\t\t<section class=\"elementor-section elementor-top-section elementor-element elementor-element-4919cf2 elementor-section-content-top elementor-section-boxed elementor-section-height-default elementor-section-height-default\" data-id=\"4919cf2\" data-element_type=\"section\" data-e-type=\"section\" data-settings=\"{&quot;background_background&quot;:&quot;classic&quot;}\">\n\t\t\t\t\t\t\t<div class=\"elementor-background-overlay\"><\/div>\n\t\t\t\t\t\t\t<div class=\"elementor-container elementor-column-gap-wider\">\n\t\t\t\t\t<div class=\"elementor-column elementor-col-100 elementor-top-column elementor-element elementor-element-b47b6d4\" data-id=\"b47b6d4\" data-element_type=\"column\" data-e-type=\"column\">\n\t\t\t<div class=\"elementor-widget-wrap elementor-element-populated\">\n\t\t\t\t\t\t<div class=\"elementor-element elementor-element-db45ee5 elementor-widget elementor-widget-heading\" data-id=\"db45ee5\" data-element_type=\"widget\" data-e-type=\"widget\" data-widget_type=\"heading.default\">\n\t\t\t\t<div class=\"elementor-widget-container\">\n\t\t\t\t\t<h2 class=\"elementor-heading-title elementor-size-default\">Exanet en los medios<\/h2>\t\t\t\t<\/div>\n\t\t\t\t<\/div>\n\t\t\t\t<div class=\"elementor-element elementor-element-df19ee3 elementor-grid-eael-col-2 elementor-grid-tablet-eael-col-2 elementor-grid-mobile-eael-col-1 elementor-widget elementor-widget-eael-post-grid\" data-id=\"df19ee3\" data-element_type=\"widget\" data-e-type=\"widget\" data-settings=\"{&quot;eael_post_grid_columns&quot;:&quot;eael-col-2&quot;,&quot;eael_post_grid_columns_tablet&quot;:&quot;eael-col-2&quot;,&quot;eael_post_grid_columns_mobile&quot;:&quot;eael-col-1&quot;}\" data-widget_type=\"eael-post-grid.default\">\n\t\t\t\t<div class=\"elementor-widget-container\">\n\t\t\t\t\t<div id=\"eael-post-grid-df19ee3\" class=\"eael-post-grid-container\">\n            <div class=\"eael-post-grid eael-post-appender eael-post-appender-df19ee3 eael-post-grid-style-two\" data-layout-mode=\"masonry\"><article class=\"eael-grid-post  eael-post-grid-column eael-pg-post-3481 category-noticias\" data-id=\"3481\">\n    <div class=\"eael-grid-post-holder\">\n        <div class=\"eael-grid-post-holder-inner\"><div class=\"eael-entry-media\"><div class=\"eael-entry-overlay none\"><i class=\"fas fa-long-arrow-alt-right\" aria-hidden=\"true\"><\/i><a href=\"https:\/\/exanetonline.com\/e\/orgullosos-de-estar-presentes-en-shaping-intelligence-2025-bogota\/\"><\/a><\/div><div class=\"eael-entry-thumbnail \">\n                            <img fetchpriority=\"high\" decoding=\"async\" width=\"1488\" height=\"991\" src=\"https:\/\/exanetonline.com\/e\/wp-content\/uploads\/2025\/10\/1756921622345.jpg\" class=\"attachment-full size-full wp-image-3504\" alt=\"\" srcset=\"https:\/\/exanetonline.com\/e\/wp-content\/uploads\/2025\/10\/1756921622345.jpg 1488w, https:\/\/exanetonline.com\/e\/wp-content\/uploads\/2025\/10\/1756921622345-300x200.jpg 300w, https:\/\/exanetonline.com\/e\/wp-content\/uploads\/2025\/10\/1756921622345-1024x682.jpg 1024w, https:\/\/exanetonline.com\/e\/wp-content\/uploads\/2025\/10\/1756921622345-768x511.jpg 768w\" sizes=\"(max-width: 1488px) 100vw, 1488px\" \/>\n                            <\/div>\n                    <\/div><div class=\"eael-entry-wrapper\"><header class=\"eael-entry-header\"><h1 class=\"eael-entry-title\"><a class=\"eael-grid-post-link\" href=\"https:\/\/exanetonline.com\/e\/orgullosos-de-estar-presentes-en-shaping-intelligence-2025-bogota\/\" title=\"Orgullosos de estar presentes en Shaping Intelligence 2025 \u2013 Bogot\u00e1\">Orgullosos de estar presentes en Shaping Intelligence 2025 \u2013 Bogot\u00e1<\/a><\/h1><\/header><div class=\"eael-entry-content\">\n                                <div class=\"eael-grid-post-excerpt\"><p>ENFASYS 30\/10\/2025 Orgullosos de estar presentes en Shaping Intelligence 2025 \u2013 Bogot\u00e1 Participamos en uno de los eventos m\u00e1s importantes del sector tecnol\u00f3gico, donde l\u00edderes y especialistas de toda la regi\u00f3n se re\u00fanen para compartir experiencias y conocimientos. \u00a0 El evento combina sesiones inspiradoras con casos de \u00e9xito regionales, oportunidades...<\/p><a href=\"https:\/\/exanetonline.com\/e\/orgullosos-de-estar-presentes-en-shaping-intelligence-2025-bogota\/\" class=\"eael-post-elements-readmore-btn\">Ver m\u00e1s<\/a><\/div>\n                            <\/div><\/div><\/div>\n    <\/div>\n<\/article><article class=\"eael-grid-post  eael-post-grid-column eael-pg-post-1615 category-noticias\" data-id=\"1615\">\n    <div class=\"eael-grid-post-holder\">\n        <div class=\"eael-grid-post-holder-inner\"><div class=\"eael-entry-media\"><div class=\"eael-entry-overlay none\"><i class=\"fas fa-long-arrow-alt-right\" aria-hidden=\"true\"><\/i><a href=\"https:\/\/exanetonline.com\/e\/tecnoseguro\/\"><\/a><\/div><div class=\"eael-entry-thumbnail \">\n                            <img decoding=\"async\" width=\"1234\" height=\"600\" src=\"https:\/\/exanetonline.com\/e\/wp-content\/uploads\/2020\/11\/e98a4828ab560b4f5902f07a4b0fbde7.webp\" class=\"attachment-full size-full wp-image-3476\" alt=\"\" srcset=\"https:\/\/exanetonline.com\/e\/wp-content\/uploads\/2020\/11\/e98a4828ab560b4f5902f07a4b0fbde7.webp 1234w, https:\/\/exanetonline.com\/e\/wp-content\/uploads\/2020\/11\/e98a4828ab560b4f5902f07a4b0fbde7-300x146.webp 300w, https:\/\/exanetonline.com\/e\/wp-content\/uploads\/2020\/11\/e98a4828ab560b4f5902f07a4b0fbde7-1024x498.webp 1024w, https:\/\/exanetonline.com\/e\/wp-content\/uploads\/2020\/11\/e98a4828ab560b4f5902f07a4b0fbde7-768x373.webp 768w\" sizes=\"(max-width: 1234px) 100vw, 1234px\" \/>\n                            <\/div>\n                    <\/div><div class=\"eael-entry-wrapper\"><header class=\"eael-entry-header\"><h1 class=\"eael-entry-title\"><a class=\"eael-grid-post-link\" href=\"https:\/\/exanetonline.com\/e\/tecnoseguro\/\" title=\"Nueva soluci\u00f3n de LPR en el borde Neural Edge de Neural Labs para c\u00e1maras de Axis\">Nueva soluci\u00f3n de LPR en el borde Neural Edge de Neural Labs para c\u00e1maras de Axis<\/a><\/h1><\/header><div class=\"eael-entry-content\">\n                                <div class=\"eael-grid-post-excerpt\"><p>TECNOSEGURO 12\/11\/2020 Nueva soluci\u00f3n de LPR en el borde Neural Edge de Neural Labs para c\u00e1maras de Axis A partir de diciembre del 2020 los usuarios y fan\u00e1ticos de la marca Axis podr\u00e1n incluir dentro de sus c\u00e1maras la potente tecnolog\u00eda LPR de Neural Labs. El 2020 probablemente ser\u00e1 recordado...<\/p><a href=\"https:\/\/exanetonline.com\/e\/tecnoseguro\/\" class=\"eael-post-elements-readmore-btn\">Ver m\u00e1s<\/a><\/div>\n                            <\/div><\/div><\/div>\n    <\/div>\n<\/article><\/div>\n            <div class=\"clearfix\"><\/div>\n        <\/div>\t\t\t\t<\/div>\n\t\t\t\t<\/div>\n\t\t\t\t\t<\/div>\n\t\t<\/div>\n\t\t\t\t\t<\/div>\n\t\t<\/section>\n\t\t\t\t<\/div>\n\t\t","protected":false},"excerpt":{"rendered":"<p>Exanet en los medios Orgullosos de estar presentes en Shaping Intelligence 2025 \u2013 Bogot\u00e1 ENFASYS 30\/10\/2025 Orgullosos de estar presentes en Shaping Intelligence 2025 \u2013 Bogot\u00e1 Participamos en uno de los eventos m\u00e1s importantes del sector tecnol\u00f3gico, donde l\u00edderes y especialistas de toda la regi\u00f3n se re\u00fanen para compartir experiencias y conocimientos. \u00a0 El evento [&hellip;]<\/p>\n","protected":false},"author":1,"featured_media":0,"parent":0,"menu_order":0,"comment_status":"closed","ping_status":"closed","template":"","meta":{"site-sidebar-layout":"no-sidebar","site-content-layout":"page-builder","ast-site-content-layout":"default","site-content-style":"default","site-sidebar-style":"default","ast-global-header-display":"","ast-banner-title-visibility":"","ast-main-header-display":"","ast-hfb-above-header-display":"","ast-hfb-below-header-display":"","ast-hfb-mobile-header-display":"","site-post-title":"disabled","ast-breadcrumbs-content":"","ast-featured-img":"disabled","footer-sml-layout":"","ast-disable-related-posts":"","theme-transparent-header-meta":"","adv-header-id-meta":"","stick-header-meta":"","header-above-stick-meta":"","header-main-stick-meta":"","header-below-stick-meta":"","astra-migrate-meta-layouts":"default","ast-page-background-enabled":"default","ast-page-background-meta":{"desktop":{"background-color":"var(--ast-global-color-4)","background-image":"","background-repeat":"repeat","background-position":"center center","background-size":"auto","background-attachment":"scroll","background-type":"","background-media":"","overlay-type":"","overlay-color":"","overlay-opacity":"","overlay-gradient":""},"tablet":{"background-color":"","background-image":"","background-repeat":"repeat","background-position":"center center","background-size":"auto","background-attachment":"scroll","background-type":"","background-media":"","overlay-type":"","overlay-color":"","overlay-opacity":"","overlay-gradient":""},"mobile":{"background-color":"","background-image":"","background-repeat":"repeat","background-position":"center center","background-size":"auto","background-attachment":"scroll","background-type":"","background-media":"","overlay-type":"","overlay-color":"","overlay-opacity":"","overlay-gradient":""}},"ast-content-background-meta":{"desktop":{"background-color":"var(--ast-global-color-5)","background-image":"","background-repeat":"repeat","background-position":"center center","background-size":"auto","background-attachment":"scroll","background-type":"","background-media":"","overlay-type":"","overlay-color":"","overlay-opacity":"","overlay-gradient":""},"tablet":{"background-color":"var(--ast-global-color-5)","background-image":"","background-repeat":"repeat","background-position":"center center","background-size":"auto","background-attachment":"scroll","background-type":"","background-media":"","overlay-type":"","overlay-color":"","overlay-opacity":"","overlay-gradient":""},"mobile":{"background-color":"var(--ast-global-color-5)","background-image":"","background-repeat":"repeat","background-position":"center center","background-size":"auto","background-attachment":"scroll","background-type":"","background-media":"","overlay-type":"","overlay-color":"","overlay-opacity":"","overlay-gradient":""}},"footnotes":""},"class_list":["post-23","page","type-page","status-publish","hentry"],"_links":{"self":[{"href":"https:\/\/exanetonline.com\/e\/wp-json\/wp\/v2\/pages\/23","targetHints":{"allow":["GET"]}}],"collection":[{"href":"https:\/\/exanetonline.com\/e\/wp-json\/wp\/v2\/pages"}],"about":[{"href":"https:\/\/exanetonline.com\/e\/wp-json\/wp\/v2\/types\/page"}],"author":[{"embeddable":true,"href":"https:\/\/exanetonline.com\/e\/wp-json\/wp\/v2\/users\/1"}],"replies":[{"embeddable":true,"href":"https:\/\/exanetonline.com\/e\/wp-json\/wp\/v2\/comments?post=23"}],"version-history":[{"count":5,"href":"https:\/\/exanetonline.com\/e\/wp-json\/wp\/v2\/pages\/23\/revisions"}],"predecessor-version":[{"id":3503,"href":"https:\/\/exanetonline.com\/e\/wp-json\/wp\/v2\/pages\/23\/revisions\/3503"}],"wp:attachment":[{"href":"https:\/\/exanetonline.com\/e\/wp-json\/wp\/v2\/media?parent=23"}],"curies":[{"name":"wp","href":"https:\/\/api.w.org\/{rel}","templated":true}]}}