{"id":15,"date":"2022-05-10T18:18:41","date_gmt":"2022-05-10T18:18:41","guid":{"rendered":"https:\/\/exanetonline.com\/e\/?page_id=15"},"modified":"2023-03-16T16:22:43","modified_gmt":"2023-03-16T16:22:43","slug":"nosotros","status":"publish","type":"page","link":"https:\/\/exanetonline.com\/e\/nosotros\/","title":{"rendered":"Nosotros"},"content":{"rendered":"\t\t<div data-elementor-type=\"wp-page\" data-elementor-id=\"15\" class=\"elementor elementor-15\">\n\t\t\t\t\t\t<section class=\"elementor-section elementor-top-section elementor-element elementor-element-aceb3a2 elementor-section-boxed elementor-section-height-default elementor-section-height-default\" data-id=\"aceb3a2\" data-element_type=\"section\" data-e-type=\"section\" data-settings=\"{&quot;background_background&quot;:&quot;classic&quot;}\">\n\t\t\t\t\t\t\t<div class=\"elementor-background-overlay\"><\/div>\n\t\t\t\t\t\t\t<div class=\"elementor-container elementor-column-gap-wider\">\n\t\t\t\t\t<div class=\"elementor-column elementor-col-50 elementor-top-column elementor-element elementor-element-deb0ec2 elementor-hidden-tablet elementor-hidden-mobile\" data-id=\"deb0ec2\" data-element_type=\"column\" data-e-type=\"column\" data-settings=\"{&quot;background_background&quot;:&quot;classic&quot;}\">\n\t\t\t<div class=\"elementor-widget-wrap\">\n\t\t\t\t\t\t\t<\/div>\n\t\t<\/div>\n\t\t\t\t<div class=\"elementor-column elementor-col-50 elementor-top-column elementor-element elementor-element-080d107\" data-id=\"080d107\" data-element_type=\"column\" data-e-type=\"column\">\n\t\t\t<div class=\"elementor-widget-wrap elementor-element-populated\">\n\t\t\t\t\t\t<div class=\"elementor-element elementor-element-b61daae elementor-widget elementor-widget-heading\" data-id=\"b61daae\" data-element_type=\"widget\" data-e-type=\"widget\" data-widget_type=\"heading.default\">\n\t\t\t\t<div class=\"elementor-widget-container\">\n\t\t\t\t\t<h2 class=\"elementor-heading-title elementor-size-default\">Nosotros<\/h2>\t\t\t\t<\/div>\n\t\t\t\t<\/div>\n\t\t\t\t<div class=\"elementor-element elementor-element-91b666a elementor-widget elementor-widget-text-editor\" data-id=\"91b666a\" data-element_type=\"widget\" data-e-type=\"widget\" data-widget_type=\"text-editor.default\">\n\t\t\t\t<div class=\"elementor-widget-container\">\n\t\t\t\t\t\t\t\t\t<p style=\"font-weight: 400;\">Somos la empresa l\u00edder en integraci\u00f3n de tecnolog\u00edas de audio y video IP, IoT y Cloud Services, para Ciudades Seguras e Inteligentes (Smart and Safe Cities) y anal\u00edtica aplicada a la inteligencia de negocios.<\/p><p style=\"font-weight: 400;\">Planificamos, desarrollamos e implementamos soluciones tecnol\u00f3gicas de video seguridad y videovigilancia, para acercar propuestas que aporten mayor valor agregado, adaptadas a las necesidades de nuestros clientes y socios de negocios.<\/p><p style=\"font-weight: 400;\">Comenzamos hace 25 a\u00f1os ofreciendo soluciones de video seguridad. Luego, asociados a Axis Communications y Milestone Systems, ampliamos nuestro servicio a anal\u00edtica de video e inteligencia de negocios.\u00a0 En la actualidad, a partir de una alianza estrat\u00e9gica con AWS, ofrecemos tambi\u00e9n servicio de planificaci\u00f3n, administraci\u00f3n, migraci\u00f3n e implementaci\u00f3n de soluciones en la nube.<\/p><p style=\"font-weight: 400;\">Hoy, m\u00e1s de 40 clientes, entre organismos gubernamentales, empresas p\u00fablicas y privadas de Argentina y Am\u00e9rica latina, conf\u00edan en nosotros y en nuestros socios de negocios.<\/p><p style=\"font-weight: 400;\">Nuestra sede principal est\u00e1 ubicada en Buenos Aires, Argentina, y tenemos oficinas y representantes en Uruguay, Chile y Per\u00fa.<\/p><p style=\"font-weight: 400;\">Contamos con un equipo de trabajo de amplia trayectoria y experiencia en cada una de las especialidades t\u00e9cnicas que requieren los proyectos de seguridad ciudadana y empresarial.<\/p><p style=\"font-weight: 400;\">Tenemos un sistema de gesti\u00f3n de la calidad y de mejora continua que nos ha permitido lograr la satisfacci\u00f3n de los clientes y ofrecer un servicio con \u00f3ptima relaci\u00f3n costo\/beneficio.<\/p><p style=\"font-weight: 400;\">Recibimos en 2015 la certificaci\u00f3n ISO 9001 otorgada por IQNet. En el a\u00f1o 2020 nos distinguieron con el premio ALAS por nuestro proyecto de videovigilancia urbana junto a la Municipalidad de Vicente L\u00f3pez. Y en la actualidad, certificamos normas ISO 14001. <a href=\"https:\/\/exanetonline.com\/e\/wp-content\/uploads\/2023\/01\/Vea-el-detalle-en-este-documento.pdf\" target=\"_blank\" rel=\"noopener\">Vea el detalle en este documento<\/a>.<\/p><p>Adem\u00e1s, basados en nuestra Pol\u00edtica de Seguridad de la Informaci\u00f3n nos alineamos con los est\u00e1ndares fundamentales del Sistema de Gesti\u00f3n de la Informaci\u00f3n (SGSI) que proponen las normas ISO 27001. <a href=\"https:\/\/exanetonline.com\/e\/wp-content\/uploads\/2023\/03\/Vea-mas-aqui.pdf\" target=\"_blank\" rel=\"noopener\">Vea m\u00e1s aqu\u00ed<\/a>.<\/p>\t\t\t\t\t\t\t\t<\/div>\n\t\t\t\t<\/div>\n\t\t\t\t\t<\/div>\n\t\t<\/div>\n\t\t\t\t\t<\/div>\n\t\t<\/section>\n\t\t\t\t<\/div>\n\t\t","protected":false},"excerpt":{"rendered":"<p>Nosotros Somos la empresa l\u00edder en integraci\u00f3n de tecnolog\u00edas de audio y video IP, IoT y Cloud Services, para Ciudades Seguras e Inteligentes (Smart and Safe Cities) y anal\u00edtica aplicada a la inteligencia de negocios. Planificamos, desarrollamos e implementamos soluciones tecnol\u00f3gicas de video seguridad y videovigilancia, para acercar propuestas que aporten mayor valor agregado, adaptadas [&hellip;]<\/p>\n","protected":false},"author":1,"featured_media":0,"parent":0,"menu_order":0,"comment_status":"closed","ping_status":"closed","template":"","meta":{"site-sidebar-layout":"no-sidebar","site-content-layout":"page-builder","ast-site-content-layout":"default","site-content-style":"default","site-sidebar-style":"default","ast-global-header-display":"","ast-banner-title-visibility":"","ast-main-header-display":"","ast-hfb-above-header-display":"","ast-hfb-below-header-display":"","ast-hfb-mobile-header-display":"","site-post-title":"disabled","ast-breadcrumbs-content":"","ast-featured-img":"disabled","footer-sml-layout":"","ast-disable-related-posts":"","theme-transparent-header-meta":"","adv-header-id-meta":"","stick-header-meta":"","header-above-stick-meta":"","header-main-stick-meta":"","header-below-stick-meta":"","astra-migrate-meta-layouts":"default","ast-page-background-enabled":"default","ast-page-background-meta":{"desktop":{"background-color":"var(--ast-global-color-4)","background-image":"","background-repeat":"repeat","background-position":"center center","background-size":"auto","background-attachment":"scroll","background-type":"","background-media":"","overlay-type":"","overlay-color":"","overlay-opacity":"","overlay-gradient":""},"tablet":{"background-color":"","background-image":"","background-repeat":"repeat","background-position":"center center","background-size":"auto","background-attachment":"scroll","background-type":"","background-media":"","overlay-type":"","overlay-color":"","overlay-opacity":"","overlay-gradient":""},"mobile":{"background-color":"","background-image":"","background-repeat":"repeat","background-position":"center center","background-size":"auto","background-attachment":"scroll","background-type":"","background-media":"","overlay-type":"","overlay-color":"","overlay-opacity":"","overlay-gradient":""}},"ast-content-background-meta":{"desktop":{"background-color":"var(--ast-global-color-5)","background-image":"","background-repeat":"repeat","background-position":"center center","background-size":"auto","background-attachment":"scroll","background-type":"","background-media":"","overlay-type":"","overlay-color":"","overlay-opacity":"","overlay-gradient":""},"tablet":{"background-color":"var(--ast-global-color-5)","background-image":"","background-repeat":"repeat","background-position":"center center","background-size":"auto","background-attachment":"scroll","background-type":"","background-media":"","overlay-type":"","overlay-color":"","overlay-opacity":"","overlay-gradient":""},"mobile":{"background-color":"var(--ast-global-color-5)","background-image":"","background-repeat":"repeat","background-position":"center center","background-size":"auto","background-attachment":"scroll","background-type":"","background-media":"","overlay-type":"","overlay-color":"","overlay-opacity":"","overlay-gradient":""}},"footnotes":""},"class_list":["post-15","page","type-page","status-publish","hentry"],"_links":{"self":[{"href":"https:\/\/exanetonline.com\/e\/wp-json\/wp\/v2\/pages\/15","targetHints":{"allow":["GET"]}}],"collection":[{"href":"https:\/\/exanetonline.com\/e\/wp-json\/wp\/v2\/pages"}],"about":[{"href":"https:\/\/exanetonline.com\/e\/wp-json\/wp\/v2\/types\/page"}],"author":[{"embeddable":true,"href":"https:\/\/exanetonline.com\/e\/wp-json\/wp\/v2\/users\/1"}],"replies":[{"embeddable":true,"href":"https:\/\/exanetonline.com\/e\/wp-json\/wp\/v2\/comments?post=15"}],"version-history":[{"count":5,"href":"https:\/\/exanetonline.com\/e\/wp-json\/wp\/v2\/pages\/15\/revisions"}],"predecessor-version":[{"id":2029,"href":"https:\/\/exanetonline.com\/e\/wp-json\/wp\/v2\/pages\/15\/revisions\/2029"}],"wp:attachment":[{"href":"https:\/\/exanetonline.com\/e\/wp-json\/wp\/v2\/media?parent=15"}],"curies":[{"name":"wp","href":"https:\/\/api.w.org\/{rel}","templated":true}]}}